{"id":76070,"date":"2017-05-12T18:13:36","date_gmt":"2017-05-12T16:13:36","guid":{"rendered":"http:\/\/www.ilcam.com\/being-ilcam\/sostenibilita\/"},"modified":"2025-02-27T10:50:25","modified_gmt":"2025-02-27T09:50:25","slug":"sostenibilita","status":"publish","type":"page","link":"https:\/\/www.ilcam.com\/it\/being-ilcam\/sostenibilita\/","title":{"rendered":"Sostenibilit\u00e0"},"content":{"rendered":"<div class=\"wpb-content-wrapper\"><p>[vc_row el_class=&#8221;ilcam-sostenibilita-title-row&#8221;][vc_column][vc_single_image image=&#8221;75217&#8243; img_size=&#8221;full&#8221; alignment=&#8221;center&#8221;][vc_custom_heading text=&#8221;BEING ILCAM&#8221; font_container=&#8221;tag:h2|text_align:center|color:%23ffffff&#8221; use_theme_fonts=&#8221;yes&#8221; el_class=&#8221;ilcam-standard-main-title-firstrow&#8221;][\/vc_column][\/vc_row][vc_row][vc_column][vc_custom_heading text=&#8221;SOSTENIBILIT\u00c0&#8221; font_container=&#8221;tag:h1|text_align:center|color:%23d8baa1&#8243; use_theme_fonts=&#8221;yes&#8221; el_class=&#8221;ilcam-standard-main-title-secondrow&#8221;][\/vc_column][\/vc_row][vc_row][vc_column][vc_empty_space height=&#8221;65px&#8221;][\/vc_column][\/vc_row][vc_row][vc_column width=&#8221;1\/6&#8243;][\/vc_column][vc_column width=&#8221;4\/6&#8243;][vc_custom_heading text=&#8221;Sostenere il futuro&#8221; font_container=&#8221;tag:h3|text_align:center&#8221; el_class=&#8221;ilcam-standard-subtitle&#8221;][vc_column_text el_class=&#8221;ilcam-standard-intro-txt&#8221;]Ogni decisione che prendiamo, ogni gesto che compiamo hanno effetti sull\u2019ambiente e sulle persone vicine a noi.<br \/>\nLe nostre scelte e le nostre azioni possono contribuire non solo a preservare il mondo, ma a lasciarlo in eredit\u00e0, alle generazioni future, migliore di come lo abbiamo trovato: questo per ILCAM \u00e8 il vero significato di <strong>progresso e benessere<\/strong>.[\/vc_column_text][\/vc_column][vc_column width=&#8221;1\/6&#8243;][\/vc_column][\/vc_row][vc_row][vc_column][vc_empty_space height=&#8221;65px&#8221;][\/vc_column][\/vc_row][vc_row css=&#8221;.vc_custom_1494660253274{padding-bottom: 100px !important;}&#8221;][vc_column][vc_column_text el_class=&#8221;ilcam-standard-intro-txt&#8221;]<\/p>\n<p style=\"text-align: center;\">Una conquista che si compie ogni giorno, perseguendo la <strong>sostenibilit\u00e0<\/strong> nelle sue tre dimensioni inseparabili.<\/p>\n<p>[\/vc_column_text][vc_row_inner el_class=&#8221;ilcam-values-titles-container&#8221;][vc_column_inner width=&#8221;5\/12&#8243;][vc_custom_heading text=&#8221;Sostenibilit\u00e0 ambientale&#8221; font_container=&#8221;tag:h2|font_size:30px|text_align:center|color:%239c9e9f|line_height:30px&#8221; use_theme_fonts=&#8221;yes&#8221; el_class=&#8221;ilcam-values-title-singles ilcam-right-align&#8221;][\/vc_column_inner][vc_column_inner width=&#8221;1\/6&#8243; offset=&#8221;vc_hidden-xs&#8221;][vc_single_image image=&#8221;75389&#8243; img_size=&#8221;full&#8221; alignment=&#8221;center&#8221; css=&#8221;.vc_custom_1494424812537{padding-top: 5px !important;}&#8221;][\/vc_column_inner][vc_column_inner width=&#8221;5\/12&#8243;][vc_column_text el_class=&#8221;ilcam-values-txt-singles ilcam-left-align&#8221;]<\/p>\n<p style=\"text-align: center;\">per preservare le risorse naturali<br \/>\ncon processi produttivi responsabili.<\/p>\n<p>[\/vc_column_text][\/vc_column_inner][\/vc_row_inner][vc_row_inner el_class=&#8221;ilcam-values-titles-container&#8221;][vc_column_inner width=&#8221;5\/12&#8243;][vc_custom_heading text=&#8221;Sostenibilit\u00e0 economica&#8221; font_container=&#8221;tag:h2|font_size:30px|text_align:center|color:%239c9e9f|line_height:30px&#8221; use_theme_fonts=&#8221;yes&#8221; el_class=&#8221;ilcam-values-title-singles ilcam-right-align&#8221;][\/vc_column_inner][vc_column_inner width=&#8221;1\/6&#8243; offset=&#8221;vc_hidden-xs&#8221;][vc_single_image image=&#8221;75389&#8243; img_size=&#8221;full&#8221; alignment=&#8221;center&#8221; css=&#8221;.vc_custom_1494424812537{padding-top: 5px !important;}&#8221;][\/vc_column_inner][vc_column_inner width=&#8221;5\/12&#8243;][vc_column_text el_class=&#8221;ilcam-values-txt-singles ilcam-left-align&#8221;]<\/p>\n<p style=\"text-align: center;\">per garantire reddito e lavoro<br \/>\nper il sostentamento delle persone.<\/p>\n<p>[\/vc_column_text][\/vc_column_inner][\/vc_row_inner][vc_row_inner el_class=&#8221;ilcam-values-titles-container&#8221;][vc_column_inner width=&#8221;5\/12&#8243;][vc_custom_heading text=&#8221;Sostenibilit\u00e0 sociale&#8221; font_container=&#8221;tag:h2|font_size:30px|text_align:center|color:%239c9e9f|line_height:30px&#8221; use_theme_fonts=&#8221;yes&#8221; el_class=&#8221;ilcam-values-title-singles ilcam-right-align&#8221;][\/vc_column_inner][vc_column_inner width=&#8221;1\/6&#8243; offset=&#8221;vc_hidden-xs&#8221;][vc_single_image image=&#8221;75389&#8243; img_size=&#8221;full&#8221; alignment=&#8221;center&#8221; css=&#8221;.vc_custom_1494424812537{padding-top: 5px !important;}&#8221;][\/vc_column_inner][vc_column_inner width=&#8221;5\/12&#8243;][vc_column_text el_class=&#8221;ilcam-values-txt-singles ilcam-left-align&#8221;]<\/p>\n<p style=\"text-align: center;\">per garantire condizioni di benessere umano<br \/>\n(sicurezza, salute, istruzione) senza discriminazione.<\/p>\n<p>[\/vc_column_text][\/vc_column_inner][\/vc_row_inner][\/vc_column][\/vc_row][vc_row][vc_column][vc_column_text el_class=&#8221;ilcam-standard-body-bigtext&#8221;]<\/p>\n<p style=\"text-align: center;\">Scopri come l\u2019<strong>ECOSISTEMA ILCAM<\/strong> contribuisce alla sostenibilit\u00e0.<\/p>\n<p>[\/vc_column_text][\/vc_column][\/vc_row][vc_row][vc_column][vc_empty_space height=&#8221;65px&#8221;][\/vc_column][\/vc_row][vc_row css=&#8221;.vc_custom_1494663638114{padding-bottom: 100px !important;}&#8221; el_class=&#8221;ilcam-standard-middle-container-ecosostenibilita&#8221;][vc_column][vc_single_image image=&#8221;75217&#8243; img_size=&#8221;full&#8221; alignment=&#8221;center&#8221;][vc_row_inner css=&#8221;.vc_custom_1494659371279{padding-top: 50px !important;}&#8221;][vc_column_inner][vc_custom_heading text=&#8221;L\u2019ECOSISTEMA ILCAM:&#8221; font_container=&#8221;tag:h2|text_align:center|color:%23ffffff&#8221; use_theme_fonts=&#8221;yes&#8221; el_class=&#8221;ilcam-standard-main-title-secondrow&#8221;][vc_custom_heading text=&#8221;UN INSIEME DI VALORI INSEPARABILI&#8221; font_container=&#8221;tag:h3|text_align:center|color:%23b6d6a2&#8243; use_theme_fonts=&#8221;yes&#8221; el_class=&#8221;ilcam-standard-secondary-title-secondrow&#8221;][\/vc_column_inner][\/vc_row_inner][vc_row_inner equal_height=&#8221;yes&#8221; css=&#8221;.vc_custom_1494666135976{padding-top: 50px !important;}&#8221;][vc_column_inner width=&#8221;1\/2&#8243; css=&#8221;.vc_custom_1494666153375{margin-top: 30px !important;margin-right: 30px !important;margin-bottom: 30px !important;margin-left: 30px !important;padding-top: 30px !important;padding-right: 30px !important;padding-bottom: 30px !important;padding-left: 30px !important;background-color: rgba(0,132,2,0.75) !important;background-position: center !important;background-repeat: no-repeat !important;background-size: cover !important;*background-color: rgb(0,132,2) !important;}&#8221;][vc_column_text el_class=&#8221;ilcam-ecosostenibilita-title&#8221;]<\/p>\n<h3 style=\"text-align: center;\">Energia<br \/>\npulita<\/h3>\n<p>[\/vc_column_text][vc_column_text el_class=&#8221;ilcam-ecosostenibilita-txt&#8221;]Soddisfare i fabbisogni energetici aziendali, nel rispetto dell\u2019ambiente e con meno costi possibili. Questa priorit\u00e0 ha promosso in ILCAM la ricerca e sviluppo di fonti energetiche rinnovabili, con cospicui investimenti in questa direzione: <strong>20.000 m<sup>2<\/sup><\/strong> di <strong>pannelli fotovoltaici<\/strong>, per una produzione di energia pari a <strong>2.240.000 kWh annui<\/strong> e una riduzione di CO2 pari a<strong> 2900 tonnellate all\u2019anno<\/strong>.[\/vc_column_text][\/vc_column_inner][vc_column_inner width=&#8221;1\/2&#8243; css=&#8221;.vc_custom_1494666205461{margin-top: 30px !important;margin-right: 30px !important;margin-bottom: 30px !important;margin-left: 30px !important;padding-top: 30px !important;padding-right: 30px !important;padding-bottom: 30px !important;padding-left: 30px !important;background-color: rgba(0,94,1,0.75) !important;*background-color: rgb(0,94,1) !important;}&#8221;][vc_column_text el_class=&#8221;ilcam-ecosostenibilita-title&#8221;]<\/p>\n<h3 style=\"text-align: center;\">Efficienza<br \/>\nenergetica<\/h3>\n<p>[\/vc_column_text][vc_column_text el_class=&#8221;ilcam-ecosostenibilita-txt&#8221;]Ridurre l\u2019impatto ecologico ed economico del bilancio energetico aziendale, significa eliminare gli sprechi e migliorare l\u2019efficienza dei processi:<\/p>\n<ul>\n<li>nei reparti le luci a fluorescenza sono state sostituite con le luci a LED;<\/li>\n<li>tutti i sistemi produttivi sono monitorati allo scopo di analizzare i consumi energetici e ottimizzarli.<\/li>\n<\/ul>\n<p>[\/vc_column_text][\/vc_column_inner][\/vc_row_inner][vc_row_inner equal_height=&#8221;yes&#8221; css=&#8221;.vc_custom_1494666139559{padding-top: 50px !important;}&#8221;][vc_column_inner width=&#8221;1\/2&#8243; css=&#8221;.vc_custom_1494666196543{margin-top: 30px !important;margin-right: 30px !important;margin-bottom: 30px !important;margin-left: 30px !important;padding-top: 30px !important;padding-right: 30px !important;padding-bottom: 30px !important;padding-left: 30px !important;background-color: rgba(0,94,1,0.75) !important;*background-color: rgb(0,94,1) !important;}&#8221;][vc_column_text el_class=&#8221;ilcam-ecosostenibilita-title&#8221;]<\/p>\n<h3 style=\"text-align: center;\">Green<br \/>\ncertificato<\/h3>\n<p>[\/vc_column_text][vc_column_text el_class=&#8221;ilcam-ecosostenibilita-txt&#8221;]Per rispondere alle esigenze di conservazione delle foreste, anche la catena di custodia \u00e8 stata certificata secondi gli <strong>standard FSC <small><sup>\u00ae<\/sup><\/small><\/strong> e <strong>PEFC<\/strong>: il legno vergine proviene da coltivazioni ecosostenibili che non intaccano il patrimonio forestale del pianeta.<br \/>\nAnche la prossimit\u00e0 di unit\u00e0 produttive (stabilimento in Romania) alla materia prima, contribuisce alla sostenibilit\u00e0 economica e ambientale del sistema ILCAM.[\/vc_column_text][\/vc_column_inner][vc_column_inner width=&#8221;1\/2&#8243; css=&#8221;.vc_custom_1494666246103{margin-top: 30px !important;margin-right: 30px !important;margin-bottom: 30px !important;margin-left: 30px !important;padding-top: 30px !important;padding-right: 30px !important;padding-bottom: 30px !important;padding-left: 30px !important;background-color: rgba(0,132,2,0.75) !important;*background-color: rgb(0,132,2) !important;}&#8221;][vc_column_text el_class=&#8221;ilcam-ecosostenibilita-title&#8221;]<\/p>\n<h3 style=\"text-align: center;\">L\u2019Uomo e le Comunit\u00e0:<br \/>\nla risorsa pi\u00f9 preziosa<\/h3>\n<p>[\/vc_column_text][vc_column_text el_class=&#8221;ilcam-ecosostenibilita-txt&#8221;]La sostenibilit\u00e0 di un progetto industriale, dipende in larga misura dalla capacit\u00e0 di coltivare e preservare al suo interno la risorsa pi\u00f9 preziosa: l\u2019uomo.<br \/>\nILCAM opera con il massimo rispetto delle Persone che lavorano nelle proprie aziende e delle Comunit\u00e0 che ospitano gli stabilimenti del gruppo: \u00e8 stata tra le prime realt\u00e0 del settore a implementare il sistema di gestione per la salute e la sicurezza sul lavoro secondo lo standard OHSAS 18001.[\/vc_column_text][\/vc_column_inner][\/vc_row_inner][\/vc_column][\/vc_row]<\/p>\n<\/div>","protected":false},"excerpt":{"rendered":"<p>[vc_row el_class=&#8221;ilcam-sostenibilita-title-row&#8221;][vc_column][vc_single_image image=&#8221;75217&#8243; img_size=&#8221;full&#8221; alignment=&#8221;center&#8221;][vc_custom_heading text=&#8221;BEING ILCAM&#8221; font_container=&#8221;tag:h2|text_align:center|color:%23ffffff&#8221; use_theme_fonts=&#8221;yes&#8221; el_class=&#8221;ilcam-standard-main-title-firstrow&#8221;][\/vc_column][\/vc_row][vc_row][vc_column][vc_custom_heading text=&#8221;SOSTENIBILIT\u00c0&#8221; font_container=&#8221;tag:h1|text_align:center|color:%23d8baa1&#8243; use_theme_fonts=&#8221;yes&#8221; el_class=&#8221;ilcam-standard-main-title-secondrow&#8221;][\/vc_column][\/vc_row][vc_row][vc_column][vc_empty_space height=&#8221;65px&#8221;][\/vc_column][\/vc_row][vc_row][vc_column width=&#8221;1\/6&#8243;][\/vc_column][vc_column width=&#8221;4\/6&#8243;][vc_custom_heading text=&#8221;Sostenere il futuro&#8221; font_container=&#8221;tag:h3|text_align:center&#8221; el_class=&#8221;ilcam-standard-subtitle&#8221;][vc_column_text el_class=&#8221;ilcam-standard-intro-txt&#8221;]Ogni decisione che prendiamo, ogni gesto che compiamo hanno effetti sull\u2019ambiente e sulle persone vicine a noi. Le nostre scelte e le nostre azioni possono contribuire non solo a preservare il mondo, ma [&hellip;]<\/p>\n","protected":false},"author":1,"featured_media":0,"parent":76046,"menu_order":0,"comment_status":"closed","ping_status":"closed","template":"","meta":{"_acf_changed":false,"footnotes":""},"class_list":["post-76070","page","type-page","status-publish","hentry"],"acf":[],"yoast_head":"<!-- This site is optimized with the Yoast SEO plugin v27.5 - https:\/\/yoast.com\/product\/yoast-seo-wordpress\/ -->\n<title>Sostenibilit\u00e0 e componenti per mobili | ILCAM<\/title>\n<meta name=\"description\" content=\"Ogni decisione che prendiamo, ogni gesto che compiamo hanno effetti sull\u2019ambiente e sulle persone vicine a noi.\" \/>\n<meta name=\"robots\" content=\"index, follow, max-snippet:-1, max-image-preview:large, max-video-preview:-1\" \/>\n<link rel=\"canonical\" href=\"https:\/\/www.ilcam.com\/it\/being-ilcam\/sostenibilita\/\" \/>\n<meta property=\"og:locale\" content=\"it_IT\" \/>\n<meta property=\"og:type\" content=\"article\" \/>\n<meta property=\"og:title\" content=\"Sostenibilit\u00e0 e componenti per mobili | ILCAM\" \/>\n<meta property=\"og:description\" content=\"Ogni decisione che prendiamo, ogni gesto che compiamo hanno effetti sull\u2019ambiente e sulle persone vicine a noi.\" \/>\n<meta property=\"og:url\" content=\"https:\/\/www.ilcam.com\/it\/being-ilcam\/sostenibilita\/\" \/>\n<meta property=\"og:site_name\" content=\"ILCAM\" \/>\n<meta property=\"article:modified_time\" content=\"2025-02-27T09:50:25+00:00\" \/>\n<meta name=\"twitter:card\" content=\"summary_large_image\" \/>\n<meta name=\"twitter:label1\" content=\"Tempo di lettura stimato\" \/>\n\t<meta name=\"twitter:data1\" content=\"3 minuti\" \/>\n<script type=\"application\/ld+json\" class=\"yoast-schema-graph\">{\"@context\":\"https:\\\/\\\/schema.org\",\"@graph\":[{\"@type\":\"WebPage\",\"@id\":\"https:\\\/\\\/www.ilcam.com\\\/it\\\/being-ilcam\\\/sostenibilita\\\/\",\"url\":\"https:\\\/\\\/www.ilcam.com\\\/it\\\/being-ilcam\\\/sostenibilita\\\/\",\"name\":\"Sostenibilit\u00e0 e componenti per mobili | ILCAM\",\"isPartOf\":{\"@id\":\"https:\\\/\\\/www.ilcam.com\\\/it\\\/#website\"},\"datePublished\":\"2017-05-12T16:13:36+00:00\",\"dateModified\":\"2025-02-27T09:50:25+00:00\",\"description\":\"Ogni decisione che prendiamo, ogni gesto che compiamo hanno effetti sull\u2019ambiente e sulle persone vicine a noi.\",\"breadcrumb\":{\"@id\":\"https:\\\/\\\/www.ilcam.com\\\/it\\\/being-ilcam\\\/sostenibilita\\\/#breadcrumb\"},\"inLanguage\":\"it-IT\",\"potentialAction\":[{\"@type\":\"ReadAction\",\"target\":[\"https:\\\/\\\/www.ilcam.com\\\/it\\\/being-ilcam\\\/sostenibilita\\\/\"]}]},{\"@type\":\"BreadcrumbList\",\"@id\":\"https:\\\/\\\/www.ilcam.com\\\/it\\\/being-ilcam\\\/sostenibilita\\\/#breadcrumb\",\"itemListElement\":[{\"@type\":\"ListItem\",\"position\":1,\"name\":\"Home\",\"item\":\"https:\\\/\\\/www.ilcam.com\\\/it\\\/\"},{\"@type\":\"ListItem\",\"position\":2,\"name\":\"Being ILCAM\",\"item\":\"https:\\\/\\\/www.ilcam.com\\\/it\\\/being-ilcam\\\/\"},{\"@type\":\"ListItem\",\"position\":3,\"name\":\"Sostenibilit\u00e0\"}]},{\"@type\":\"WebSite\",\"@id\":\"https:\\\/\\\/www.ilcam.com\\\/it\\\/#website\",\"url\":\"https:\\\/\\\/www.ilcam.com\\\/it\\\/\",\"name\":\"ILCAM\",\"description\":\"Masters of furniture apparel\",\"publisher\":{\"@id\":\"https:\\\/\\\/www.ilcam.com\\\/it\\\/#organization\"},\"potentialAction\":[{\"@type\":\"SearchAction\",\"target\":{\"@type\":\"EntryPoint\",\"urlTemplate\":\"https:\\\/\\\/www.ilcam.com\\\/it\\\/?s={search_term_string}\"},\"query-input\":{\"@type\":\"PropertyValueSpecification\",\"valueRequired\":true,\"valueName\":\"search_term_string\"}}],\"inLanguage\":\"it-IT\"},{\"@type\":\"Organization\",\"@id\":\"https:\\\/\\\/www.ilcam.com\\\/it\\\/#organization\",\"name\":\"ILCAM\",\"url\":\"https:\\\/\\\/www.ilcam.com\\\/it\\\/\",\"logo\":{\"@type\":\"ImageObject\",\"inLanguage\":\"it-IT\",\"@id\":\"https:\\\/\\\/www.ilcam.com\\\/it\\\/#\\\/schema\\\/logo\\\/image\\\/\",\"url\":\"https:\\\/\\\/www.ilcam.com\\\/wp-content\\\/uploads\\\/2022\\\/01\\\/logo-ilcam_new.png\",\"contentUrl\":\"https:\\\/\\\/www.ilcam.com\\\/wp-content\\\/uploads\\\/2022\\\/01\\\/logo-ilcam_new.png\",\"width\":756,\"height\":322,\"caption\":\"ILCAM\"},\"image\":{\"@id\":\"https:\\\/\\\/www.ilcam.com\\\/it\\\/#\\\/schema\\\/logo\\\/image\\\/\"}}]}<\/script>\n<!-- \/ Yoast SEO plugin. -->","yoast_head_json":{"title":"Sostenibilit\u00e0 e componenti per mobili | ILCAM","description":"Ogni decisione che prendiamo, ogni gesto che compiamo hanno effetti sull\u2019ambiente e sulle persone vicine a noi.","robots":{"index":"index","follow":"follow","max-snippet":"max-snippet:-1","max-image-preview":"max-image-preview:large","max-video-preview":"max-video-preview:-1"},"canonical":"https:\/\/www.ilcam.com\/it\/being-ilcam\/sostenibilita\/","og_locale":"it_IT","og_type":"article","og_title":"Sostenibilit\u00e0 e componenti per mobili | ILCAM","og_description":"Ogni decisione che prendiamo, ogni gesto che compiamo hanno effetti sull\u2019ambiente e sulle persone vicine a noi.","og_url":"https:\/\/www.ilcam.com\/it\/being-ilcam\/sostenibilita\/","og_site_name":"ILCAM","article_modified_time":"2025-02-27T09:50:25+00:00","twitter_card":"summary_large_image","twitter_misc":{"Tempo di lettura stimato":"3 minuti"},"schema":{"@context":"https:\/\/schema.org","@graph":[{"@type":"WebPage","@id":"https:\/\/www.ilcam.com\/it\/being-ilcam\/sostenibilita\/","url":"https:\/\/www.ilcam.com\/it\/being-ilcam\/sostenibilita\/","name":"Sostenibilit\u00e0 e componenti per mobili | ILCAM","isPartOf":{"@id":"https:\/\/www.ilcam.com\/it\/#website"},"datePublished":"2017-05-12T16:13:36+00:00","dateModified":"2025-02-27T09:50:25+00:00","description":"Ogni decisione che prendiamo, ogni gesto che compiamo hanno effetti sull\u2019ambiente e sulle persone vicine a noi.","breadcrumb":{"@id":"https:\/\/www.ilcam.com\/it\/being-ilcam\/sostenibilita\/#breadcrumb"},"inLanguage":"it-IT","potentialAction":[{"@type":"ReadAction","target":["https:\/\/www.ilcam.com\/it\/being-ilcam\/sostenibilita\/"]}]},{"@type":"BreadcrumbList","@id":"https:\/\/www.ilcam.com\/it\/being-ilcam\/sostenibilita\/#breadcrumb","itemListElement":[{"@type":"ListItem","position":1,"name":"Home","item":"https:\/\/www.ilcam.com\/it\/"},{"@type":"ListItem","position":2,"name":"Being ILCAM","item":"https:\/\/www.ilcam.com\/it\/being-ilcam\/"},{"@type":"ListItem","position":3,"name":"Sostenibilit\u00e0"}]},{"@type":"WebSite","@id":"https:\/\/www.ilcam.com\/it\/#website","url":"https:\/\/www.ilcam.com\/it\/","name":"ILCAM","description":"Masters of furniture apparel","publisher":{"@id":"https:\/\/www.ilcam.com\/it\/#organization"},"potentialAction":[{"@type":"SearchAction","target":{"@type":"EntryPoint","urlTemplate":"https:\/\/www.ilcam.com\/it\/?s={search_term_string}"},"query-input":{"@type":"PropertyValueSpecification","valueRequired":true,"valueName":"search_term_string"}}],"inLanguage":"it-IT"},{"@type":"Organization","@id":"https:\/\/www.ilcam.com\/it\/#organization","name":"ILCAM","url":"https:\/\/www.ilcam.com\/it\/","logo":{"@type":"ImageObject","inLanguage":"it-IT","@id":"https:\/\/www.ilcam.com\/it\/#\/schema\/logo\/image\/","url":"https:\/\/www.ilcam.com\/wp-content\/uploads\/2022\/01\/logo-ilcam_new.png","contentUrl":"https:\/\/www.ilcam.com\/wp-content\/uploads\/2022\/01\/logo-ilcam_new.png","width":756,"height":322,"caption":"ILCAM"},"image":{"@id":"https:\/\/www.ilcam.com\/it\/#\/schema\/logo\/image\/"}}]}},"_links":{"self":[{"href":"https:\/\/www.ilcam.com\/it\/wp-json\/wp\/v2\/pages\/76070","targetHints":{"allow":["GET"]}}],"collection":[{"href":"https:\/\/www.ilcam.com\/it\/wp-json\/wp\/v2\/pages"}],"about":[{"href":"https:\/\/www.ilcam.com\/it\/wp-json\/wp\/v2\/types\/page"}],"author":[{"embeddable":true,"href":"https:\/\/www.ilcam.com\/it\/wp-json\/wp\/v2\/users\/1"}],"replies":[{"embeddable":true,"href":"https:\/\/www.ilcam.com\/it\/wp-json\/wp\/v2\/comments?post=76070"}],"version-history":[{"count":2,"href":"https:\/\/www.ilcam.com\/it\/wp-json\/wp\/v2\/pages\/76070\/revisions"}],"predecessor-version":[{"id":98442,"href":"https:\/\/www.ilcam.com\/it\/wp-json\/wp\/v2\/pages\/76070\/revisions\/98442"}],"up":[{"embeddable":true,"href":"https:\/\/www.ilcam.com\/it\/wp-json\/wp\/v2\/pages\/76046"}],"wp:attachment":[{"href":"https:\/\/www.ilcam.com\/it\/wp-json\/wp\/v2\/media?parent=76070"}],"curies":[{"name":"wp","href":"https:\/\/api.w.org\/{rel}","templated":true}]}}