{"id":76074,"date":"2017-05-13T08:11:29","date_gmt":"2017-05-13T06:11:29","guid":{"rendered":"http:\/\/www.ilcam.com\/being-ilcam\/qualita-totale\/"},"modified":"2025-02-27T10:52:10","modified_gmt":"2025-02-27T09:52:10","slug":"qualita-totale","status":"publish","type":"page","link":"https:\/\/www.ilcam.com\/it\/being-ilcam\/qualita-totale\/","title":{"rendered":"Qualit\u00e0 totale"},"content":{"rendered":"<div class=\"wpb-content-wrapper\"><p>[vc_row el_class=&#8221;ilcam-qualita-totale-title-row&#8221;][vc_column][vc_single_image image=&#8221;75217&#8243; img_size=&#8221;full&#8221; alignment=&#8221;center&#8221;][vc_custom_heading text=&#8221;BEING ILCAM&#8221; font_container=&#8221;tag:h2|text_align:center|color:%23ffffff&#8221; use_theme_fonts=&#8221;yes&#8221; el_class=&#8221;ilcam-standard-main-title-firstrow&#8221;][\/vc_column][\/vc_row][vc_row][vc_column][vc_custom_heading text=&#8221;QUALIT\u00c0 TOTALE&#8221; font_container=&#8221;tag:h1|text_align:center|color:%23d8baa1&#8243; use_theme_fonts=&#8221;yes&#8221; el_class=&#8221;ilcam-standard-main-title-secondrow&#8221;][\/vc_column][\/vc_row][vc_row][vc_column][vc_empty_space height=&#8221;65px&#8221;][\/vc_column][\/vc_row][vc_row][vc_column width=&#8221;1\/6&#8243;][\/vc_column][vc_column width=&#8221;4\/6&#8243;][vc_custom_heading text=&#8221;Qualit\u00e0 totale con profonde radici&#8221; font_container=&#8221;tag:h3|text_align:center&#8221; el_class=&#8221;ilcam-standard-subtitle&#8221;][vc_column_text el_class=&#8221;ilcam-standard-intro-txt&#8221;]<\/p>\n<p style=\"text-align: center;\">Tutte le attivit\u00e0 di ILCAM, dalla progettazione alla produzione, ai servizi commerciali e post-vendita, si svolgono in un sistema di <strong>qualit\u00e0 totale<\/strong>.<\/p>\n<p>[\/vc_column_text][vc_row_inner css=&#8221;.vc_custom_1494669585313{padding-top: 30px !important;padding-bottom: 30px !important;}&#8221;][vc_column_inner width=&#8221;1\/3&#8243;][vc_single_image image=&#8221;75980&#8243; img_size=&#8221;full&#8221; alignment=&#8221;center&#8221; onclick=&#8221;link_image&#8221;][\/vc_column_inner][vc_column_inner width=&#8221;1\/3&#8243;][vc_single_image image=&#8221;75981&#8243; img_size=&#8221;full&#8221; alignment=&#8221;center&#8221; onclick=&#8221;link_image&#8221;][\/vc_column_inner][vc_column_inner width=&#8221;1\/3&#8243;][vc_single_image image=&#8221;75979&#8243; img_size=&#8221;full&#8221; alignment=&#8221;center&#8221; onclick=&#8221;link_image&#8221;][\/vc_column_inner][\/vc_row_inner][vc_column_text el_class=&#8221;ilcam-standard-intro-txt&#8221;]<\/p>\n<p style=\"text-align: center;\">ILCAM \u00e8 certificata secondo gli standard <strong>ISO 9001<\/strong> per la qualit\u00e0, <strong>ISO 14001<\/strong> per l&#8217;ambiente, <strong>FSC\u00ae<\/strong> e <strong>PEFC<\/strong>, per garantire la provenienza della materia prima da coltivazioni eco-sostenibili.<br \/>\nILCAM ha inoltre implementato il sistema di gestione per la salute e la sicurezza sul lavoro secondo lo standard <strong>OHSAS 18001<\/strong>.<\/p>\n<p>[\/vc_column_text][\/vc_column][vc_column width=&#8221;1\/6&#8243;][\/vc_column][\/vc_row][vc_row][vc_column][vc_empty_space height=&#8221;65px&#8221;][\/vc_column][\/vc_row][vc_row el_class=&#8221;being-ilcam-total-quality-ethics-container&#8221;][vc_column][vc_single_image image=&#8221;75217&#8243; img_size=&#8221;full&#8221; alignment=&#8221;center&#8221;][vc_row_inner css=&#8221;.vc_custom_1494658678013{padding-top: 50px !important;padding-bottom: 50px !important;}&#8221;][vc_column_inner width=&#8221;1\/6&#8243;][\/vc_column_inner][vc_column_inner width=&#8221;4\/6&#8243;][vc_column_text el_class=&#8221;ilcam-standard-body-txt-white&#8221;]<\/p>\n<p style=\"text-align: center;\">Nel suo <strong>Codice Etico<\/strong> ILCAM ha definito i principi e le linee guida che ispirano le decisioni del vertice aziendale e lo stile di direzione e di conduzione delle operativit\u00e0: questi principi guidano le responsabilit\u00e0 e i comportamenti di tutte le persone che lavorano in ILCAM.<br \/>\nLe linee guida seguite sono quelle elencate nella norma SA8000\u00ae, che riassume pienamente lo spirito della politica etica di ILCAM.<\/p>\n<p>[\/vc_column_text][\/vc_column_inner][vc_column_inner width=&#8221;1\/6&#8243;][\/vc_column_inner][\/vc_row_inner][vc_single_image image=&#8221;75268&#8243; img_size=&#8221;full&#8221; alignment=&#8221;center&#8221; el_class=&#8221;bnr-tri-up&#8221;][\/vc_column][\/vc_row][vc_row][vc_column][vc_empty_space height=&#8221;65px&#8221;][\/vc_column][\/vc_row][vc_row][vc_column width=&#8221;1\/6&#8243;][\/vc_column][vc_column width=&#8221;4\/6&#8243;][vc_column_text el_class=&#8221;ilcam-standard-body-txt&#8221;]<\/p>\n<p style=\"text-align: center;\">Il valore della qualit\u00e0 per ILCAM, come scelta radicata nella sua quotidianit\u00e0 e nella sua storia, \u00e8 testimoniato dalla cronologia delle certificazioni, che attesta un impegno di lunga data in questo campo.<\/p>\n<p>[\/vc_column_text][vc_column_text el_class=&#8221;ilcam-quality-cert-dates&#8221;]<\/p>\n<p style=\"text-align: center;\"><span class=\"cert-dates\">1995<\/span> &#8211; ISO 9001<\/p>\n<p>[\/vc_column_text][vc_column_text el_class=&#8221;ilcam-quality-cert-dates&#8221;]<\/p>\n<p style=\"text-align: center;\"><span class=\"cert-dates\">2001<\/span> &#8211; FSC<\/p>\n<p>[\/vc_column_text][vc_column_text el_class=&#8221;ilcam-quality-cert-dates&#8221;]<\/p>\n<p style=\"text-align: center;\"><span class=\"cert-dates\">2010<\/span> &#8211; PEFC<\/p>\n<p>[\/vc_column_text][vc_column_text el_class=&#8221;ilcam-quality-cert-dates&#8221;]<\/p>\n<p style=\"text-align: center;\"><span class=\"cert-dates\">2010<\/span> &#8211; ISO 14001<\/p>\n<p>[\/vc_column_text][vc_column_text el_class=&#8221;ilcam-quality-cert-dates&#8221;]<\/p>\n<p style=\"text-align: center;\"><span class=\"cert-dates\">2013<\/span> &#8211; OHSAS 18001<\/p>\n<p>[\/vc_column_text][vc_column_text el_class=&#8221;ilcam-quality-cert-dates&#8221;]<\/p>\n<p style=\"text-align: center;\"><span class=\"cert-dates\">2021<\/span> &#8211; ISO 45001 nel 2021<\/p>\n<p>[\/vc_column_text][vc_column_text el_class=&#8221;ilcam-quality-cert-dates&#8221;]<\/p>\n<p style=\"text-align: center;\"><span class=\"cert-dates\">2022<\/span> &#8211; ISO 50001 nel 2022<\/p>\n<p>[\/vc_column_text][vc_single_image image=&#8221;108639&#8243; img_size=&#8221;full&#8221; alignment=&#8221;center&#8221; css=&#8221;.vc_custom_1700737142788{padding-top: 30px !important;}&#8221;][\/vc_column][vc_column width=&#8221;1\/6&#8243;][\/vc_column][\/vc_row][vc_row][vc_column][vc_empty_space height=&#8221;65px&#8221;][\/vc_column][\/vc_row]<\/p>\n<\/div>","protected":false},"excerpt":{"rendered":"<p>[vc_row el_class=&#8221;ilcam-qualita-totale-title-row&#8221;][vc_column][vc_single_image image=&#8221;75217&#8243; img_size=&#8221;full&#8221; alignment=&#8221;center&#8221;][vc_custom_heading text=&#8221;BEING ILCAM&#8221; font_container=&#8221;tag:h2|text_align:center|color:%23ffffff&#8221; use_theme_fonts=&#8221;yes&#8221; el_class=&#8221;ilcam-standard-main-title-firstrow&#8221;][\/vc_column][\/vc_row][vc_row][vc_column][vc_custom_heading text=&#8221;QUALIT\u00c0 TOTALE&#8221; font_container=&#8221;tag:h1|text_align:center|color:%23d8baa1&#8243; use_theme_fonts=&#8221;yes&#8221; el_class=&#8221;ilcam-standard-main-title-secondrow&#8221;][\/vc_column][\/vc_row][vc_row][vc_column][vc_empty_space height=&#8221;65px&#8221;][\/vc_column][\/vc_row][vc_row][vc_column width=&#8221;1\/6&#8243;][\/vc_column][vc_column width=&#8221;4\/6&#8243;][vc_custom_heading text=&#8221;Qualit\u00e0 totale con profonde radici&#8221; font_container=&#8221;tag:h3|text_align:center&#8221; el_class=&#8221;ilcam-standard-subtitle&#8221;][vc_column_text el_class=&#8221;ilcam-standard-intro-txt&#8221;] Tutte le attivit\u00e0 di ILCAM, dalla progettazione alla produzione, ai servizi commerciali e post-vendita, si svolgono in un sistema di qualit\u00e0 totale. [\/vc_column_text][vc_row_inner css=&#8221;.vc_custom_1494669585313{padding-top: 30px !important;padding-bottom: 30px !important;}&#8221;][vc_column_inner width=&#8221;1\/3&#8243;][vc_single_image [&hellip;]<\/p>\n","protected":false},"author":1,"featured_media":0,"parent":76046,"menu_order":0,"comment_status":"closed","ping_status":"closed","template":"","meta":{"_acf_changed":false,"footnotes":""},"class_list":["post-76074","page","type-page","status-publish","hentry"],"acf":[],"yoast_head":"<!-- This site is optimized with the Yoast SEO plugin v27.4 - https:\/\/yoast.com\/product\/yoast-seo-wordpress\/ -->\n<title>Qualit\u00e0 e certificazione nell&#039;industria del mobile | ILCAM<\/title>\n<meta name=\"description\" content=\"ILCAM \u00e8 certificata secondo gli standard ISO 9001 per la qualit\u00e0, ISO 14001 per l\u2019ambiente, FSC\u00ae e PEFC, per garantire la provenienza della materia prima.\" \/>\n<meta name=\"robots\" content=\"index, follow, max-snippet:-1, max-image-preview:large, max-video-preview:-1\" \/>\n<link rel=\"canonical\" href=\"https:\/\/www.ilcam.com\/it\/being-ilcam\/qualita-totale\/\" \/>\n<meta property=\"og:locale\" content=\"it_IT\" \/>\n<meta property=\"og:type\" content=\"article\" \/>\n<meta property=\"og:title\" content=\"Qualit\u00e0 e certificazione nell&#039;industria del mobile | ILCAM\" \/>\n<meta property=\"og:description\" content=\"ILCAM \u00e8 certificata secondo gli standard ISO 9001 per la qualit\u00e0, ISO 14001 per l\u2019ambiente, FSC\u00ae e PEFC, per garantire la provenienza della materia prima.\" \/>\n<meta property=\"og:url\" content=\"https:\/\/www.ilcam.com\/it\/being-ilcam\/qualita-totale\/\" \/>\n<meta property=\"og:site_name\" content=\"ILCAM\" \/>\n<meta property=\"article:modified_time\" content=\"2025-02-27T09:52:10+00:00\" \/>\n<meta name=\"twitter:card\" content=\"summary_large_image\" \/>\n<meta name=\"twitter:label1\" content=\"Tempo di lettura stimato\" \/>\n\t<meta name=\"twitter:data1\" content=\"2 minuti\" \/>\n<script type=\"application\/ld+json\" class=\"yoast-schema-graph\">{\"@context\":\"https:\\\/\\\/schema.org\",\"@graph\":[{\"@type\":\"WebPage\",\"@id\":\"https:\\\/\\\/www.ilcam.com\\\/it\\\/being-ilcam\\\/qualita-totale\\\/\",\"url\":\"https:\\\/\\\/www.ilcam.com\\\/it\\\/being-ilcam\\\/qualita-totale\\\/\",\"name\":\"Qualit\u00e0 e certificazione nell'industria del mobile | ILCAM\",\"isPartOf\":{\"@id\":\"https:\\\/\\\/www.ilcam.com\\\/it\\\/#website\"},\"datePublished\":\"2017-05-13T06:11:29+00:00\",\"dateModified\":\"2025-02-27T09:52:10+00:00\",\"description\":\"ILCAM \u00e8 certificata secondo gli standard ISO 9001 per la qualit\u00e0, ISO 14001 per l\u2019ambiente, FSC\u00ae e PEFC, per garantire la provenienza della materia prima.\",\"breadcrumb\":{\"@id\":\"https:\\\/\\\/www.ilcam.com\\\/it\\\/being-ilcam\\\/qualita-totale\\\/#breadcrumb\"},\"inLanguage\":\"it-IT\",\"potentialAction\":[{\"@type\":\"ReadAction\",\"target\":[\"https:\\\/\\\/www.ilcam.com\\\/it\\\/being-ilcam\\\/qualita-totale\\\/\"]}]},{\"@type\":\"BreadcrumbList\",\"@id\":\"https:\\\/\\\/www.ilcam.com\\\/it\\\/being-ilcam\\\/qualita-totale\\\/#breadcrumb\",\"itemListElement\":[{\"@type\":\"ListItem\",\"position\":1,\"name\":\"Home\",\"item\":\"https:\\\/\\\/www.ilcam.com\\\/it\\\/\"},{\"@type\":\"ListItem\",\"position\":2,\"name\":\"Being ILCAM\",\"item\":\"https:\\\/\\\/www.ilcam.com\\\/it\\\/being-ilcam\\\/\"},{\"@type\":\"ListItem\",\"position\":3,\"name\":\"Qualit\u00e0 totale\"}]},{\"@type\":\"WebSite\",\"@id\":\"https:\\\/\\\/www.ilcam.com\\\/it\\\/#website\",\"url\":\"https:\\\/\\\/www.ilcam.com\\\/it\\\/\",\"name\":\"ILCAM\",\"description\":\"Masters of furniture apparel\",\"publisher\":{\"@id\":\"https:\\\/\\\/www.ilcam.com\\\/it\\\/#organization\"},\"potentialAction\":[{\"@type\":\"SearchAction\",\"target\":{\"@type\":\"EntryPoint\",\"urlTemplate\":\"https:\\\/\\\/www.ilcam.com\\\/it\\\/?s={search_term_string}\"},\"query-input\":{\"@type\":\"PropertyValueSpecification\",\"valueRequired\":true,\"valueName\":\"search_term_string\"}}],\"inLanguage\":\"it-IT\"},{\"@type\":\"Organization\",\"@id\":\"https:\\\/\\\/www.ilcam.com\\\/it\\\/#organization\",\"name\":\"ILCAM\",\"url\":\"https:\\\/\\\/www.ilcam.com\\\/it\\\/\",\"logo\":{\"@type\":\"ImageObject\",\"inLanguage\":\"it-IT\",\"@id\":\"https:\\\/\\\/www.ilcam.com\\\/it\\\/#\\\/schema\\\/logo\\\/image\\\/\",\"url\":\"https:\\\/\\\/www.ilcam.com\\\/wp-content\\\/uploads\\\/2022\\\/01\\\/logo-ilcam_new.png\",\"contentUrl\":\"https:\\\/\\\/www.ilcam.com\\\/wp-content\\\/uploads\\\/2022\\\/01\\\/logo-ilcam_new.png\",\"width\":756,\"height\":322,\"caption\":\"ILCAM\"},\"image\":{\"@id\":\"https:\\\/\\\/www.ilcam.com\\\/it\\\/#\\\/schema\\\/logo\\\/image\\\/\"}}]}<\/script>\n<!-- \/ Yoast SEO plugin. -->","yoast_head_json":{"title":"Qualit\u00e0 e certificazione nell'industria del mobile | ILCAM","description":"ILCAM \u00e8 certificata secondo gli standard ISO 9001 per la qualit\u00e0, ISO 14001 per l\u2019ambiente, FSC\u00ae e PEFC, per garantire la provenienza della materia prima.","robots":{"index":"index","follow":"follow","max-snippet":"max-snippet:-1","max-image-preview":"max-image-preview:large","max-video-preview":"max-video-preview:-1"},"canonical":"https:\/\/www.ilcam.com\/it\/being-ilcam\/qualita-totale\/","og_locale":"it_IT","og_type":"article","og_title":"Qualit\u00e0 e certificazione nell'industria del mobile | ILCAM","og_description":"ILCAM \u00e8 certificata secondo gli standard ISO 9001 per la qualit\u00e0, ISO 14001 per l\u2019ambiente, FSC\u00ae e PEFC, per garantire la provenienza della materia prima.","og_url":"https:\/\/www.ilcam.com\/it\/being-ilcam\/qualita-totale\/","og_site_name":"ILCAM","article_modified_time":"2025-02-27T09:52:10+00:00","twitter_card":"summary_large_image","twitter_misc":{"Tempo di lettura stimato":"2 minuti"},"schema":{"@context":"https:\/\/schema.org","@graph":[{"@type":"WebPage","@id":"https:\/\/www.ilcam.com\/it\/being-ilcam\/qualita-totale\/","url":"https:\/\/www.ilcam.com\/it\/being-ilcam\/qualita-totale\/","name":"Qualit\u00e0 e certificazione nell'industria del mobile | ILCAM","isPartOf":{"@id":"https:\/\/www.ilcam.com\/it\/#website"},"datePublished":"2017-05-13T06:11:29+00:00","dateModified":"2025-02-27T09:52:10+00:00","description":"ILCAM \u00e8 certificata secondo gli standard ISO 9001 per la qualit\u00e0, ISO 14001 per l\u2019ambiente, FSC\u00ae e PEFC, per garantire la provenienza della materia prima.","breadcrumb":{"@id":"https:\/\/www.ilcam.com\/it\/being-ilcam\/qualita-totale\/#breadcrumb"},"inLanguage":"it-IT","potentialAction":[{"@type":"ReadAction","target":["https:\/\/www.ilcam.com\/it\/being-ilcam\/qualita-totale\/"]}]},{"@type":"BreadcrumbList","@id":"https:\/\/www.ilcam.com\/it\/being-ilcam\/qualita-totale\/#breadcrumb","itemListElement":[{"@type":"ListItem","position":1,"name":"Home","item":"https:\/\/www.ilcam.com\/it\/"},{"@type":"ListItem","position":2,"name":"Being ILCAM","item":"https:\/\/www.ilcam.com\/it\/being-ilcam\/"},{"@type":"ListItem","position":3,"name":"Qualit\u00e0 totale"}]},{"@type":"WebSite","@id":"https:\/\/www.ilcam.com\/it\/#website","url":"https:\/\/www.ilcam.com\/it\/","name":"ILCAM","description":"Masters of furniture apparel","publisher":{"@id":"https:\/\/www.ilcam.com\/it\/#organization"},"potentialAction":[{"@type":"SearchAction","target":{"@type":"EntryPoint","urlTemplate":"https:\/\/www.ilcam.com\/it\/?s={search_term_string}"},"query-input":{"@type":"PropertyValueSpecification","valueRequired":true,"valueName":"search_term_string"}}],"inLanguage":"it-IT"},{"@type":"Organization","@id":"https:\/\/www.ilcam.com\/it\/#organization","name":"ILCAM","url":"https:\/\/www.ilcam.com\/it\/","logo":{"@type":"ImageObject","inLanguage":"it-IT","@id":"https:\/\/www.ilcam.com\/it\/#\/schema\/logo\/image\/","url":"https:\/\/www.ilcam.com\/wp-content\/uploads\/2022\/01\/logo-ilcam_new.png","contentUrl":"https:\/\/www.ilcam.com\/wp-content\/uploads\/2022\/01\/logo-ilcam_new.png","width":756,"height":322,"caption":"ILCAM"},"image":{"@id":"https:\/\/www.ilcam.com\/it\/#\/schema\/logo\/image\/"}}]}},"_links":{"self":[{"href":"https:\/\/www.ilcam.com\/it\/wp-json\/wp\/v2\/pages\/76074","targetHints":{"allow":["GET"]}}],"collection":[{"href":"https:\/\/www.ilcam.com\/it\/wp-json\/wp\/v2\/pages"}],"about":[{"href":"https:\/\/www.ilcam.com\/it\/wp-json\/wp\/v2\/types\/page"}],"author":[{"embeddable":true,"href":"https:\/\/www.ilcam.com\/it\/wp-json\/wp\/v2\/users\/1"}],"replies":[{"embeddable":true,"href":"https:\/\/www.ilcam.com\/it\/wp-json\/wp\/v2\/comments?post=76074"}],"version-history":[{"count":7,"href":"https:\/\/www.ilcam.com\/it\/wp-json\/wp\/v2\/pages\/76074\/revisions"}],"predecessor-version":[{"id":113598,"href":"https:\/\/www.ilcam.com\/it\/wp-json\/wp\/v2\/pages\/76074\/revisions\/113598"}],"up":[{"embeddable":true,"href":"https:\/\/www.ilcam.com\/it\/wp-json\/wp\/v2\/pages\/76046"}],"wp:attachment":[{"href":"https:\/\/www.ilcam.com\/it\/wp-json\/wp\/v2\/media?parent=76074"}],"curies":[{"name":"wp","href":"https:\/\/api.w.org\/{rel}","templated":true}]}}