{"id":76082,"date":"2017-05-11T10:29:28","date_gmt":"2017-05-11T08:29:28","guid":{"rendered":"http:\/\/www.ilcam.com\/ilcam-people\/"},"modified":"2022-11-03T18:32:19","modified_gmt":"2022-11-03T17:32:19","slug":"ilcam-people","status":"publish","type":"page","link":"https:\/\/www.ilcam.com\/it\/ilcam-people\/","title":{"rendered":"ILCAM People"},"content":{"rendered":"<div class=\"wpb-content-wrapper\"><p>[vc_row][vc_column][vc_single_image image=&#8221;75438&#8243; img_size=&#8221;full&#8221; alignment=&#8221;center&#8221;][vc_column_text]<\/p>\n<h1 class=\"ilcam-hidden-title-seo\">ILCAM People<\/h1>\n<p>[\/vc_column_text][\/vc_column][\/vc_row][vc_row][vc_column][vc_row_inner][vc_column_inner width=&#8221;1\/6&#8243;][\/vc_column_inner][vc_column_inner width=&#8221;2\/3&#8243; css=&#8221;.vc_custom_1494497093150{padding-top: 50px !important;}&#8221;][vc_column_text el_class=&#8221;ilcam-people-intro-txt&#8221;]<\/p>\n<p style=\"text-align: center;\"><strong>Il mondo ILCAM \u00e8 popolato di persone<\/strong><br \/>\nche condividono progetti, esperienze, obiettivi. In questa logica di lavoro \u00e8 opportuno armonizzare pi\u00f9 dimensioni:<\/p>\n<p>[\/vc_column_text][\/vc_column_inner][vc_column_inner width=&#8221;1\/6&#8243;][\/vc_column_inner][\/vc_row_inner][vc_row_inner][vc_column_inner width=&#8221;1\/3&#8243;][vc_single_image image=&#8221;75446&#8243; img_size=&#8221;full&#8221; alignment=&#8221;center&#8221; css=&#8221;.vc_custom_1494497101371{padding-top: 50px !important;padding-bottom: 45px !important;}&#8221;][vc_column_text el_class=&#8221;ilcam-people-txt-blocks&#8221;]<\/p>\n<p style=\"text-align: center;\">La <strong>qualit\u00e0<\/strong> e l\u2019<strong>efficienza<\/strong> complessive del sistema azienda.<\/p>\n<p>[\/vc_column_text][\/vc_column_inner][vc_column_inner width=&#8221;1\/3&#8243;][vc_single_image image=&#8221;75447&#8243; img_size=&#8221;full&#8221; alignment=&#8221;center&#8221; css=&#8221;.vc_custom_1494497108579{padding-top: 50px !important;padding-bottom: 45px !important;}&#8221;][vc_column_text el_class=&#8221;ilcam-people-txt-blocks&#8221;]<\/p>\n<p style=\"text-align: center;\">La soddisfazione della persona, che deve operare in uno stato di <strong>sicurezza<\/strong> e di <strong>benessere<\/strong> e poter esprimere le proprie potenzialit\u00e0 in una condizione di <strong>pari opportunit\u00e0<\/strong>.<\/p>\n<p>[\/vc_column_text][\/vc_column_inner][vc_column_inner width=&#8221;1\/3&#8243;][vc_single_image image=&#8221;75441&#8243; img_size=&#8221;full&#8221; alignment=&#8221;center&#8221; css=&#8221;.vc_custom_1494497117741{padding-top: 50px !important;padding-bottom: 45px !important;}&#8221;][vc_column_text el_class=&#8221;ilcam-people-txt-blocks&#8221;]<\/p>\n<p style=\"text-align: center;\">Il valore del <strong>team working<\/strong>, sia all\u2019interno del gruppo, sia nel rapporto con clienti e fornitori.<\/p>\n<p>[\/vc_column_text][\/vc_column_inner][\/vc_row_inner][\/vc_column][\/vc_row][vc_row el_class=&#8221;ilcam-people-ethics-container&#8221; css=&#8221;.vc_custom_1494496387261{margin-top: 50px !important;margin-bottom: 50px !important;}&#8221;][vc_column][vc_single_image image=&#8221;75217&#8243; img_size=&#8221;full&#8221; alignment=&#8221;center&#8221; css=&#8221;.vc_custom_1494494670246{margin-top: 0px !important;margin-right: 0px !important;margin-bottom: 0px !important;margin-left: 0px !important;border-top-width: 0px !important;border-right-width: 0px !important;border-bottom-width: 0px !important;border-left-width: 0px !important;padding-top: 0px !important;padding-right: 0px !important;padding-bottom: 0px !important;padding-left: 0px !important;}&#8221;][vc_row_inner][vc_column_inner width=&#8221;1\/4&#8243; offset=&#8221;vc_col-lg-3 vc_col-md-1 vc_hidden-sm vc_hidden-xs&#8221;][\/vc_column_inner][vc_column_inner offset=&#8221;vc_col-lg-6 vc_col-md-10 vc_col-xs-12&#8243;][vc_column_text el_class=&#8221;ilcam-people-ethics-txt&#8221; css=&#8221;.vc_custom_1494496821420{padding-top: 50px !important;padding-bottom: 50px !important;}&#8221;]<\/p>\n<p style=\"text-align: center;\">Per conseguire e mantenere questi risultati,<br \/>\nILCAM impiega strumenti di varia natura:<br \/>\ndal <span class=\"ilcam-people-ethic-code-txt\">CODICE ETICO<\/span>,<br \/>\ncome punto di riferimento comportamentale,<br \/>\nal <strong>LEAN MANUFACTURING<\/strong>, come metodologia operativa<br \/>\nche coinvolge i singoli nella condivisione d\u2019idee<br \/>\ne responsabilit\u00e0.<\/p>\n<p>[\/vc_column_text][vc_btn title=&#8221;CODICE ETICO&#8221; style=&#8221;outline-custom&#8221; outline_custom_color=&#8221;#ffffff&#8221; outline_custom_hover_background=&#8221;#ffffff&#8221; outline_custom_hover_text=&#8221;#5c534c&#8221; shape=&#8221;square&#8221; align=&#8221;center&#8221; i_align=&#8221;right&#8221; i_icon_fontawesome=&#8221;fas fa-chevron-right&#8221; add_icon=&#8221;true&#8221; el_class=&#8221;ilcam-people-btn-clients&#8221; link=&#8221;url:https%3A%2F%2Fwww.ilcam.com%2Fwp-content%2Fuploads%2F2022%2F11%2FILCAM-Codice-Etico-rev-2021.pdf|target:_blank&#8221; css=&#8221;.vc_custom_1667496715385{margin-bottom: 25px !important;}&#8221;][\/vc_column_inner][vc_column_inner width=&#8221;1\/4&#8243; offset=&#8221;vc_col-lg-3 vc_col-md-1 vc_hidden-sm vc_hidden-xs&#8221;][\/vc_column_inner][\/vc_row_inner][vc_single_image image=&#8221;75268&#8243; img_size=&#8221;full&#8221; alignment=&#8221;center&#8221; css=&#8221;.vc_custom_1494494722212{margin-top: 0px !important;margin-right: 0px !important;margin-bottom: 0px !important;margin-left: 0px !important;border-top-width: 0px !important;border-right-width: 0px !important;border-bottom-width: 0px !important;border-left-width: 0px !important;padding-top: 0px !important;padding-right: 0px !important;padding-bottom: 0px !important;padding-left: 0px !important;}&#8221; el_class=&#8221;bnr-tri-up img&#8221;][\/vc_column][\/vc_row][vc_row][vc_column width=&#8221;1\/6&#8243;][\/vc_column][vc_column width=&#8221;2\/3&#8243;][vc_column_text el_class=&#8221;ilcam-people-style-txt&#8221;]<\/p>\n<p style=\"text-align: center;\">In questo clima, essere <span class=\"ilcam-people-bronze-thin\">ILCAM PEOPLE<\/span> significa vestire uno stile che va oltre le mura aziendali e impronta anche le relazioni esterne con clienti, fornitori e stakeholder in genere.<\/p>\n<p style=\"text-align: center;\">Significa <strong>operare con accoglienza, trasparenza, lealt\u00e0, entusiasmo<\/strong>; con fiducia negli altri e nei percorsi da intraprendere insieme.<\/p>\n<p>[\/vc_column_text][\/vc_column][vc_column width=&#8221;1\/6&#8243;][\/vc_column][\/vc_row][vc_row css=&#8221;.vc_custom_1494510043073{margin-top: 50px !important;margin-bottom: 65px !important;}&#8221;][vc_column offset=&#8221;vc_col-lg-4 vc_col-md-4 vc_col-xs-12&#8243; el_class=&#8221;ilcam-people-employees-col&#8221;][vc_row_inner][vc_column_inner el_class=&#8221;ilcam-people-employees&#8221;][vc_column_text el_class=&#8221;ilcam-people-employees-txt&#8221;]<\/p>\n<h2 style=\"text-align: center;\">DIPENDENTI<\/h2>\n<p style=\"text-align: center;\">Per un\u2019azienda che vuole crescere, i dipendenti sono la risorsa pi\u00f9 preziosa, da coltivare, formare e preservare, con una scrupolosa attenzione alla qualit\u00e0 di vita sul posto di lavoro, come attesta il sistema di gestione secondo lo standard OHSAS 18001, adottato in ILCAM dal 2013 . Ancora pi\u00f9 importante, \u00e8 dare voce ai propri dipendenti, con strumenti partecipativi che fanno circolare punti di vista e idee.<u><br \/>\n<\/u><\/p>\n<p>[\/vc_column_text][\/vc_column_inner][\/vc_row_inner][vc_btn title=&#8221;ILCAM VOICE&#8221; style=&#8221;outline-custom&#8221; outline_custom_color=&#8221;#ffffff&#8221; outline_custom_hover_background=&#8221;#ffffff&#8221; outline_custom_hover_text=&#8221;#465368&#8243; shape=&#8221;square&#8221; align=&#8221;center&#8221; i_align=&#8221;right&#8221; i_icon_fontawesome=&#8221;fa fa-chevron-right&#8221; add_icon=&#8221;true&#8221; el_class=&#8221;ilcam-people-btn-employees&#8221; link=&#8221;url:http%3A%2F%2Fwww.ilcam.com%2Fit%2Filcam-voice%2F|||&#8221;][\/vc_column][vc_column offset=&#8221;vc_col-lg-4 vc_col-md-4 vc_col-xs-12&#8243; el_class=&#8221;ilcam-people-supplier-col&#8221;][vc_row_inner][vc_column_inner el_class=&#8221;ilcam-people-supplier&#8221;][vc_column_text el_class=&#8221;ilcam-people-supplier-txt&#8221;]<\/p>\n<h2 style=\"text-align: center;\">FORNITORI<\/h2>\n<p style=\"text-align: center;\">ILCAM \u00e8 nata e cresciuta con i propri fornitori, in un tessuto imprenditoriale da decenni vocato alla produzione di mobili. <strong>Grazie a questa rete di partner<\/strong>, \u00e8 stato possibile ampliare l\u2019offerta con accessori e prodotti complementari, aumentando la forza e l\u2019appeal del gruppo:\u00a0 con la certezza in pi\u00f9 di un allineamento di metodo e di qualit\u00e0, che rende questi collaboratori parte integrante della filiera ILCAM, co-protagonisti del nostro successo nel mondo.<\/p>\n<p>[\/vc_column_text][\/vc_column_inner][\/vc_row_inner][\/vc_column][vc_column offset=&#8221;vc_col-lg-4 vc_col-md-4 vc_col-xs-12&#8243; el_class=&#8221;ilcam-people-clients-col&#8221;][vc_row_inner][vc_column_inner el_class=&#8221;ilcam-people-clients&#8221;][vc_column_text el_class=&#8221;ilcam-people-clients-txt&#8221;]<\/p>\n<h2 style=\"text-align: center;\">CLIENTI<\/h2>\n<p style=\"text-align: center;\">Il recente sviluppo di ILCAM ha ampliato i target tradizionali di riferimento, verso nuove frontiere in continua evoluzione, dove si apprezza sempre di pi\u00f9 quel mix d\u2019innovazione tecnologica, design di tendenza, organizzazione aziendale, che fanno la differenza.<\/p>\n<p>[\/vc_column_text][\/vc_column_inner][\/vc_row_inner][vc_btn title=&#8221;ILCAM CLIENTI&#8221; style=&#8221;outline-custom&#8221; outline_custom_color=&#8221;#ffffff&#8221; outline_custom_hover_background=&#8221;#ffffff&#8221; outline_custom_hover_text=&#8221;#5c534c&#8221; shape=&#8221;square&#8221; align=&#8221;center&#8221; i_align=&#8221;right&#8221; i_icon_fontawesome=&#8221;fa fa-chevron-right&#8221; add_icon=&#8221;true&#8221; el_class=&#8221;ilcam-people-btn-clients&#8221; link=&#8221;url:http%3A%2F%2Fwww.ilcam.com%2Filcam-people%2Fclienti%2F|||&#8221;][\/vc_column][\/vc_row]<\/p>\n<\/div>","protected":false},"excerpt":{"rendered":"<p>[vc_row][vc_column][vc_single_image image=&#8221;75438&#8243; img_size=&#8221;full&#8221; alignment=&#8221;center&#8221;][vc_column_text] ILCAM People [\/vc_column_text][\/vc_column][\/vc_row][vc_row][vc_column][vc_row_inner][vc_column_inner width=&#8221;1\/6&#8243;][\/vc_column_inner][vc_column_inner width=&#8221;2\/3&#8243; css=&#8221;.vc_custom_1494497093150{padding-top: 50px !important;}&#8221;][vc_column_text el_class=&#8221;ilcam-people-intro-txt&#8221;] Il mondo ILCAM \u00e8 popolato di persone che condividono progetti, esperienze, obiettivi. In questa logica di lavoro \u00e8 opportuno armonizzare pi\u00f9 dimensioni: [\/vc_column_text][\/vc_column_inner][vc_column_inner width=&#8221;1\/6&#8243;][\/vc_column_inner][\/vc_row_inner][vc_row_inner][vc_column_inner width=&#8221;1\/3&#8243;][vc_single_image image=&#8221;75446&#8243; img_size=&#8221;full&#8221; alignment=&#8221;center&#8221; css=&#8221;.vc_custom_1494497101371{padding-top: 50px !important;padding-bottom: 45px !important;}&#8221;][vc_column_text el_class=&#8221;ilcam-people-txt-blocks&#8221;] La qualit\u00e0 e l\u2019efficienza complessive del sistema azienda. [&hellip;]<\/p>\n","protected":false},"author":1,"featured_media":0,"parent":0,"menu_order":0,"comment_status":"closed","ping_status":"closed","template":"","meta":{"_acf_changed":false,"footnotes":""},"class_list":["post-76082","page","type-page","status-publish","hentry"],"acf":[],"yoast_head":"<!-- This site is optimized with the Yoast SEO plugin v27.5 - https:\/\/yoast.com\/product\/yoast-seo-wordpress\/ -->\n<title>Il valore delle persone | ILCAM<\/title>\n<meta name=\"description\" content=\"Il mondo ILCAM \u00e8 popolato di persone che condividono progetti, esperienze, obiettivi\" \/>\n<meta name=\"robots\" content=\"index, follow, max-snippet:-1, max-image-preview:large, max-video-preview:-1\" \/>\n<link rel=\"canonical\" href=\"https:\/\/www.ilcam.com\/it\/ilcam-people\/\" \/>\n<meta property=\"og:locale\" content=\"it_IT\" \/>\n<meta property=\"og:type\" content=\"article\" \/>\n<meta property=\"og:title\" content=\"Il valore delle persone | ILCAM\" \/>\n<meta property=\"og:description\" content=\"Il mondo ILCAM \u00e8 popolato di persone che condividono progetti, esperienze, obiettivi\" \/>\n<meta property=\"og:url\" content=\"https:\/\/www.ilcam.com\/it\/ilcam-people\/\" \/>\n<meta property=\"og:site_name\" content=\"ILCAM\" \/>\n<meta property=\"article:modified_time\" content=\"2022-11-03T17:32:19+00:00\" \/>\n<meta name=\"twitter:card\" content=\"summary_large_image\" \/>\n<meta name=\"twitter:label1\" content=\"Tempo di lettura stimato\" \/>\n\t<meta name=\"twitter:data1\" content=\"3 minuti\" \/>\n<script type=\"application\/ld+json\" class=\"yoast-schema-graph\">{\"@context\":\"https:\\\/\\\/schema.org\",\"@graph\":[{\"@type\":\"WebPage\",\"@id\":\"https:\\\/\\\/www.ilcam.com\\\/it\\\/ilcam-people\\\/\",\"url\":\"https:\\\/\\\/www.ilcam.com\\\/it\\\/ilcam-people\\\/\",\"name\":\"Il valore delle persone | ILCAM\",\"isPartOf\":{\"@id\":\"https:\\\/\\\/www.ilcam.com\\\/it\\\/#website\"},\"datePublished\":\"2017-05-11T08:29:28+00:00\",\"dateModified\":\"2022-11-03T17:32:19+00:00\",\"description\":\"Il mondo ILCAM \u00e8 popolato di persone che condividono progetti, esperienze, obiettivi\",\"breadcrumb\":{\"@id\":\"https:\\\/\\\/www.ilcam.com\\\/it\\\/ilcam-people\\\/#breadcrumb\"},\"inLanguage\":\"it-IT\",\"potentialAction\":[{\"@type\":\"ReadAction\",\"target\":[\"https:\\\/\\\/www.ilcam.com\\\/it\\\/ilcam-people\\\/\"]}]},{\"@type\":\"BreadcrumbList\",\"@id\":\"https:\\\/\\\/www.ilcam.com\\\/it\\\/ilcam-people\\\/#breadcrumb\",\"itemListElement\":[{\"@type\":\"ListItem\",\"position\":1,\"name\":\"Home\",\"item\":\"https:\\\/\\\/www.ilcam.com\\\/it\\\/\"},{\"@type\":\"ListItem\",\"position\":2,\"name\":\"ILCAM People\"}]},{\"@type\":\"WebSite\",\"@id\":\"https:\\\/\\\/www.ilcam.com\\\/it\\\/#website\",\"url\":\"https:\\\/\\\/www.ilcam.com\\\/it\\\/\",\"name\":\"ILCAM\",\"description\":\"Masters of furniture apparel\",\"publisher\":{\"@id\":\"https:\\\/\\\/www.ilcam.com\\\/it\\\/#organization\"},\"potentialAction\":[{\"@type\":\"SearchAction\",\"target\":{\"@type\":\"EntryPoint\",\"urlTemplate\":\"https:\\\/\\\/www.ilcam.com\\\/it\\\/?s={search_term_string}\"},\"query-input\":{\"@type\":\"PropertyValueSpecification\",\"valueRequired\":true,\"valueName\":\"search_term_string\"}}],\"inLanguage\":\"it-IT\"},{\"@type\":\"Organization\",\"@id\":\"https:\\\/\\\/www.ilcam.com\\\/it\\\/#organization\",\"name\":\"ILCAM\",\"url\":\"https:\\\/\\\/www.ilcam.com\\\/it\\\/\",\"logo\":{\"@type\":\"ImageObject\",\"inLanguage\":\"it-IT\",\"@id\":\"https:\\\/\\\/www.ilcam.com\\\/it\\\/#\\\/schema\\\/logo\\\/image\\\/\",\"url\":\"https:\\\/\\\/www.ilcam.com\\\/wp-content\\\/uploads\\\/2022\\\/01\\\/logo-ilcam_new.png\",\"contentUrl\":\"https:\\\/\\\/www.ilcam.com\\\/wp-content\\\/uploads\\\/2022\\\/01\\\/logo-ilcam_new.png\",\"width\":756,\"height\":322,\"caption\":\"ILCAM\"},\"image\":{\"@id\":\"https:\\\/\\\/www.ilcam.com\\\/it\\\/#\\\/schema\\\/logo\\\/image\\\/\"}}]}<\/script>\n<!-- \/ Yoast SEO plugin. -->","yoast_head_json":{"title":"Il valore delle persone | ILCAM","description":"Il mondo ILCAM \u00e8 popolato di persone che condividono progetti, esperienze, obiettivi","robots":{"index":"index","follow":"follow","max-snippet":"max-snippet:-1","max-image-preview":"max-image-preview:large","max-video-preview":"max-video-preview:-1"},"canonical":"https:\/\/www.ilcam.com\/it\/ilcam-people\/","og_locale":"it_IT","og_type":"article","og_title":"Il valore delle persone | ILCAM","og_description":"Il mondo ILCAM \u00e8 popolato di persone che condividono progetti, esperienze, obiettivi","og_url":"https:\/\/www.ilcam.com\/it\/ilcam-people\/","og_site_name":"ILCAM","article_modified_time":"2022-11-03T17:32:19+00:00","twitter_card":"summary_large_image","twitter_misc":{"Tempo di lettura stimato":"3 minuti"},"schema":{"@context":"https:\/\/schema.org","@graph":[{"@type":"WebPage","@id":"https:\/\/www.ilcam.com\/it\/ilcam-people\/","url":"https:\/\/www.ilcam.com\/it\/ilcam-people\/","name":"Il valore delle persone | ILCAM","isPartOf":{"@id":"https:\/\/www.ilcam.com\/it\/#website"},"datePublished":"2017-05-11T08:29:28+00:00","dateModified":"2022-11-03T17:32:19+00:00","description":"Il mondo ILCAM \u00e8 popolato di persone che condividono progetti, esperienze, obiettivi","breadcrumb":{"@id":"https:\/\/www.ilcam.com\/it\/ilcam-people\/#breadcrumb"},"inLanguage":"it-IT","potentialAction":[{"@type":"ReadAction","target":["https:\/\/www.ilcam.com\/it\/ilcam-people\/"]}]},{"@type":"BreadcrumbList","@id":"https:\/\/www.ilcam.com\/it\/ilcam-people\/#breadcrumb","itemListElement":[{"@type":"ListItem","position":1,"name":"Home","item":"https:\/\/www.ilcam.com\/it\/"},{"@type":"ListItem","position":2,"name":"ILCAM People"}]},{"@type":"WebSite","@id":"https:\/\/www.ilcam.com\/it\/#website","url":"https:\/\/www.ilcam.com\/it\/","name":"ILCAM","description":"Masters of furniture apparel","publisher":{"@id":"https:\/\/www.ilcam.com\/it\/#organization"},"potentialAction":[{"@type":"SearchAction","target":{"@type":"EntryPoint","urlTemplate":"https:\/\/www.ilcam.com\/it\/?s={search_term_string}"},"query-input":{"@type":"PropertyValueSpecification","valueRequired":true,"valueName":"search_term_string"}}],"inLanguage":"it-IT"},{"@type":"Organization","@id":"https:\/\/www.ilcam.com\/it\/#organization","name":"ILCAM","url":"https:\/\/www.ilcam.com\/it\/","logo":{"@type":"ImageObject","inLanguage":"it-IT","@id":"https:\/\/www.ilcam.com\/it\/#\/schema\/logo\/image\/","url":"https:\/\/www.ilcam.com\/wp-content\/uploads\/2022\/01\/logo-ilcam_new.png","contentUrl":"https:\/\/www.ilcam.com\/wp-content\/uploads\/2022\/01\/logo-ilcam_new.png","width":756,"height":322,"caption":"ILCAM"},"image":{"@id":"https:\/\/www.ilcam.com\/it\/#\/schema\/logo\/image\/"}}]}},"_links":{"self":[{"href":"https:\/\/www.ilcam.com\/it\/wp-json\/wp\/v2\/pages\/76082","targetHints":{"allow":["GET"]}}],"collection":[{"href":"https:\/\/www.ilcam.com\/it\/wp-json\/wp\/v2\/pages"}],"about":[{"href":"https:\/\/www.ilcam.com\/it\/wp-json\/wp\/v2\/types\/page"}],"author":[{"embeddable":true,"href":"https:\/\/www.ilcam.com\/it\/wp-json\/wp\/v2\/users\/1"}],"replies":[{"embeddable":true,"href":"https:\/\/www.ilcam.com\/it\/wp-json\/wp\/v2\/comments?post=76082"}],"version-history":[{"count":4,"href":"https:\/\/www.ilcam.com\/it\/wp-json\/wp\/v2\/pages\/76082\/revisions"}],"predecessor-version":[{"id":105977,"href":"https:\/\/www.ilcam.com\/it\/wp-json\/wp\/v2\/pages\/76082\/revisions\/105977"}],"wp:attachment":[{"href":"https:\/\/www.ilcam.com\/it\/wp-json\/wp\/v2\/media?parent=76082"}],"curies":[{"name":"wp","href":"https:\/\/api.w.org\/{rel}","templated":true}]}}